{"id":93,"date":"2024-08-17T23:32:08","date_gmt":"2024-08-18T05:32:08","guid":{"rendered":"https:\/\/bazardenavi.com\/ventas\/?post_type=product&#038;p=93"},"modified":"2024-08-17T23:32:08","modified_gmt":"2024-08-18T05:32:08","slug":"nikon-coolpix-p1000-negro","status":"publish","type":"product","link":"https:\/\/bazardenavi.com\/ventas\/producto\/nikon-coolpix-p1000-negro\/","title":{"rendered":"Nikon Coolpix P1000 Negro"},"content":{"rendered":"<table class=\"a-normal a-spacing-micro\">\n<tbody>\n<tr class=\"a-spacing-small po-compatible_mountings\">\n<td class=\"a-span3\"><span class=\"a-size-base a-text-bold\">Monturas compatibles<\/span><\/td>\n<td class=\"a-span9\"><span class=\"a-size-base po-break-word\">Nikon F<\/span><\/td>\n<\/tr>\n<tr class=\"a-spacing-small po-aspect_ratio\">\n<td class=\"a-span3\"><span class=\"a-size-base a-text-bold\">Relaci\u00f3n de aspecto<\/span><\/td>\n<td class=\"a-span9\"><span class=\"a-size-base po-break-word\">16:9<\/span><\/td>\n<\/tr>\n<tr class=\"a-spacing-small po-photo_sensor.technology\">\n<td class=\"a-span3\"><span class=\"a-size-base a-text-bold\">Tecnolog\u00eda del sensor fotogr\u00e1fico<\/span><\/td>\n<td class=\"a-span9\"><span class=\"a-size-base po-break-word\">CMOS<\/span><\/td>\n<\/tr>\n<tr class=\"a-spacing-small po-file_format\">\n<td class=\"a-span3\"><span class=\"a-size-base a-text-bold\">Formato de archivo compatible<\/span><\/td>\n<td class=\"a-span9\"><span class=\"a-size-base po-break-word\">High Zoom<\/span><\/td>\n<\/tr>\n<tr class=\"a-spacing-small po-image_stabilization\">\n<td class=\"a-span3\"><span class=\"a-size-base a-text-bold\">Estabilizaci\u00f3n de la imagen<\/span><\/td>\n<td class=\"a-span9\"><span class=\"a-size-base po-break-word\">Dynamic<\/span><\/td>\n<\/tr>\n<tr class=\"a-spacing-small po-max_focal_length\">\n<td class=\"a-span3\"><span class=\"a-size-base a-text-bold\">Longitud focal m\u00e1xima<\/span><\/td>\n<td class=\"a-span9\"><span class=\"a-size-base po-break-word\">3000<\/span><\/td>\n<\/tr>\n<tr class=\"a-spacing-small po-optical_zoom\">\n<td class=\"a-span3\"><span class=\"a-size-base a-text-bold\">Zoom \u00f3ptico<\/span><\/td>\n<td class=\"a-span9\"><span class=\"a-size-base po-break-word\">125 x<\/span><\/td>\n<\/tr>\n<tr class=\"a-spacing-small po-max_aperture\">\n<td class=\"a-span3\"><span class=\"a-size-base a-text-bold\">Apertura m\u00e1xima<\/span><\/td>\n<td class=\"a-span9\"><span class=\"a-size-base po-break-word\">2,8 Mil\u00edmetros<\/span><\/td>\n<\/tr>\n<tr class=\"a-spacing-small po-expanded_iso_minimum\">\n<td class=\"a-span3\"><span class=\"a-size-base a-text-bold\">Ampliado ISO m\u00ednimo<\/span><\/td>\n<td class=\"a-span9\"><span class=\"a-size-base po-break-word\">100<\/span><\/td>\n<\/tr>\n<tr class=\"a-spacing-small po-metering_description\">\n<td class=\"a-span3\"><span class=\"a-size-base a-text-bold\">Descripci\u00f3n de la medici\u00f3n<\/span><\/td>\n<td class=\"a-span9\"><span class=\"a-size-base po-break-word\">Promedio ponderado central, matriz, punto<\/span><\/td>\n<\/tr>\n<\/tbody>\n<\/table>\n","protected":false},"excerpt":{"rendered":"<h1 class=\"a-size-base-plus a-text-bold\">Acerca de este art\u00edculo<\/h1>\n<ul class=\"a-unordered-list a-vertical a-spacing-mini\">\n<li class=\"a-spacing-mini\"><span class=\"a-list-item\">Zoom \u00f3ptico de 3000 mil\u00edmetros: el objetivo de zoom m\u00e1s potente jam\u00e1s colocado en una c\u00e1mara nikon coolpix<\/span><\/li>\n<li class=\"a-spacing-mini\"><span class=\"a-list-item\">Video 4k ultra hd con salida hdmi, sonido est\u00e9reo y zapata para accesorios<\/span><\/li>\n<li class=\"a-spacing-mini\"><span class=\"a-list-item\">Estabilizaci\u00f3n de imagen de detecci\u00f3n dual estable como una roca y gran capacidad con poca luz; reducci\u00f3n de vibraciones: desplazamiento de lente vr (im\u00e1genes fijas) \/ desplazamiento de lente y vr electr\u00f3nico (pel\u00edculas)<\/span><\/li>\n<li class=\"a-spacing-mini\"><span class=\"a-list-item\">Raw (nrw), time lapse y super lapse, adem\u00e1s de fant\u00e1sticos modos creativos<\/span><\/li>\n<\/ul>\n","protected":false},"featured_media":99,"comment_status":"open","ping_status":"closed","template":"","meta":[],"product_cat":[28],"product_tag":[33],"class_list":{"0":"post-93","1":"product","2":"type-product","3":"status-publish","4":"has-post-thumbnail","6":"product_cat-electronica","7":"product_tag-seminuevo","8":"thunk-woo-product-list","9":"opn-qv-enable","10":"top-store-woo-hover-zoom","11":"top-store-single-product-tab-horizontal","12":"top-store-shadow-","13":"top-store-shadow-hover-","15":"first","16":"instock","17":"shipping-taxable","18":"purchasable","19":"product-type-simple"},"_links":{"self":[{"href":"https:\/\/bazardenavi.com\/ventas\/wp-json\/wp\/v2\/product\/93","targetHints":{"allow":["GET"]}}],"collection":[{"href":"https:\/\/bazardenavi.com\/ventas\/wp-json\/wp\/v2\/product"}],"about":[{"href":"https:\/\/bazardenavi.com\/ventas\/wp-json\/wp\/v2\/types\/product"}],"replies":[{"embeddable":true,"href":"https:\/\/bazardenavi.com\/ventas\/wp-json\/wp\/v2\/comments?post=93"}],"wp:featuredmedia":[{"embeddable":true,"href":"https:\/\/bazardenavi.com\/ventas\/wp-json\/wp\/v2\/media\/99"}],"wp:attachment":[{"href":"https:\/\/bazardenavi.com\/ventas\/wp-json\/wp\/v2\/media?parent=93"}],"wp:term":[{"taxonomy":"product_cat","embeddable":true,"href":"https:\/\/bazardenavi.com\/ventas\/wp-json\/wp\/v2\/product_cat?post=93"},{"taxonomy":"product_tag","embeddable":true,"href":"https:\/\/bazardenavi.com\/ventas\/wp-json\/wp\/v2\/product_tag?post=93"}],"curies":[{"name":"wp","href":"https:\/\/api.w.org\/{rel}","templated":true}]}}